{"id":9598,"date":"2023-04-07T21:16:07","date_gmt":"2023-04-07T21:16:07","guid":{"rendered":"https:\/\/homedecoracao.com\/?page_id=9598"},"modified":"2023-12-13T19:01:27","modified_gmt":"2023-12-13T19:01:27","slug":"terms","status":"publish","type":"page","link":"https:\/\/homedecoracao.com\/es\/terms\/","title":{"rendered":"T\u00e9rminos de uso \u2013 Decoraci\u00f3n del hogar."},"content":{"rendered":"<div class=\"mx-5 sm:mx-0 prose leading-relaxed text-lg mb-5 text-left wp-paragraph\">\n<p>Actualizado el 23 de noviembre de 2023.<\/p>\n<\/div><div class=\"mx-5 sm:mx-0 prose leading-relaxed text-lg mb-5 text-left wp-paragraph\">\n<p>INDIETECH O\u00dc, una sociedad de responsabilidad limitada establecida en Estonia (tambi\u00e9n conocida como O\u00dc), con n\u00famero de IVA EE102204759 y ubicada en Tallin, en 6 Sepapaja Street, CEP 15551, Harju Estonia, es responsable del desarrollo, gesti\u00f3n y operaci\u00f3n de Home Decora\u00e7\u00e3o. sitio web, accesible en <a style=\" color:;\" href=\"https:\/\/homedecoracao.com\/es\/\">https:\/\/homedecoracao.com\/<\/a>.<\/p>\n<\/div><div class=\"mx-5 sm:mx-0 prose leading-relaxed text-lg mb-5 text-left wp-paragraph\">\n<p>Este sitio web, administrado por INDIETECH O\u00dc, utiliza t\u00e9rminos como &#039;nosotros&#039;, &#039;nuestro&#039; y &#039;nos&#039; para referirse exclusivamente a Home Decora\u00e7\u00e3o. El portal ofrece una amplia variedad de informaci\u00f3n, servicios y contenidos, y el acceso a estos est\u00e1 sujeto a la aceptaci\u00f3n de los t\u00e9rminos, condiciones y pol\u00edticas aqu\u00ed presentados. Navegar e interactuar en nuestro sitio web presupone la aceptaci\u00f3n de estas normas.<\/p>\n<\/div><div class=\"mx-5 sm:mx-0 prose leading-relaxed text-lg mb-5 text-left wp-paragraph\">\n<p>Home Decora\u00e7\u00e3o ofrece informaci\u00f3n y an\u00e1lisis sobre una diversa gama de productos y servicios, que incluyen, entre otros, decoraci\u00f3n de interiores, tendencias de dise\u00f1o, consejos de estilo y mucho m\u00e1s, proporcionados por entidades nacionales e internacionales.<\/p>\n<\/div><div class=\"mx-5 sm:mx-0 prose leading-relaxed text-lg mb-5 text-left wp-paragraph\">\n<p>Es importante resaltar que el uso del sitio web Home Decora\u00e7\u00e3o est\u00e1 vinculado a los T\u00e9rminos aqu\u00ed presentados y a la Pol\u00edtica de Privacidad del sitio web, a la que se puede acceder en <a style=\" color:;\" href=\"https:\/\/homedecoracao.com\/es\/privacy\/\" target=\"_blank\" rel=\"noreferrer noopener\">https:\/\/homedecoracao.com\/privacy\/<\/a>, siendo conforme a las leyes vigentes.<\/p>\n<\/div><div class=\"mx-5 sm:mx-0 prose leading-relaxed text-lg mb-5 text-left wp-paragraph\">\n<p>Los T\u00e9rminos y Condiciones Generales de Uso de Home Decora\u00e7\u00e3o tienen como objetivo explicar en detalle las responsabilidades, obligaciones y derechos de todos los usuarios que acceden y\/o utilizan el sitio web, como se describe a continuaci\u00f3n.<\/p>\n<\/div><div class=\"mx-5 sm:mx-0 prose leading-relaxed text-lg mb-5 text-left wp-paragraph\">\n<p><strong>La lectura atenta de nuestros T\u00e9rminos de uso es esencial. Si no est\u00e1 de acuerdo con los t\u00e9rminos propuestos, le solicitamos que no utilice los servicios de Home Decora\u00e7\u00e3o.<\/strong><\/p>\n<\/div><!--advertisement--><div class=\"mx-5 sm:mx-0 sm:text-3xl text-2xl font-medium title-font mb-4 text-gray-900 text-left\">\n<h2 id=\"h-secao-i-requisitos-iniciais\">Secci\u00f3n I \u2013 Requisitos iniciales<\/h2>\n<\/div><div class=\"mx-5 sm:mx-0 prose leading-relaxed text-lg mb-5 text-left wp-paragraph\">\n<p><strong>1.1 <\/strong>El uso de Home Decora\u00e7\u00e3o implica la aceptaci\u00f3n y cumplimiento de los T\u00e9rminos y Condiciones Generales de Uso, as\u00ed como de la Pol\u00edtica de Privacidad del sitio.<\/p>\n<\/div><div class=\"mx-5 sm:mx-0 prose leading-relaxed text-lg mb-5 text-left wp-paragraph\">\n<p><strong>1.2 <\/strong>El Usuario, al acceder y\/o utilizar Home Decora\u00e7\u00e3o, declara tener al menos 18 a\u00f1os y tener plena capacidad jur\u00eddica para aceptar estos T\u00e9rminos y Condiciones de Uso en todas las jurisdicciones aplicables.<\/p>\n<\/div><div class=\"mx-5 sm:mx-0 prose leading-relaxed text-lg mb-5 text-left wp-paragraph\">\n<p><strong>1.3 <\/strong>Si el Usuario no cumple con estos criterios o no est\u00e1 de acuerdo, total o parcialmente, con los t\u00e9rminos y condiciones establecidos, deber\u00e1 abstenerse de acceder y\/o utilizar los servicios de Home Decora\u00e7\u00e3o, as\u00ed como cualesquiera otros sitios web y servicios gestionados por este entidad.<\/p>\n<\/div><!--advertisement--><div class=\"mx-5 sm:mx-0 sm:text-3xl text-2xl font-medium title-font mb-4 text-gray-900 text-left\">\n<h2>Secci\u00f3n II \u2013 Informaci\u00f3n de contacto<\/h2>\n<\/div><div class=\"mx-5 sm:mx-0 prose leading-relaxed text-lg mb-5 text-left wp-paragraph\">\n<p><strong>2.1 <\/strong>Para aclaraciones, resolver problemas, presentar quejas o solicitar informaci\u00f3n sobre los servicios\/productos de Home Decora\u00e7\u00e3o, el Usuario puede contactar a nuestro equipo de soporte.<\/p>\n<\/div><div class=\"mx-5 sm:mx-0 prose leading-relaxed text-lg mb-5 text-left wp-paragraph\">\n<p><strong>2.2<\/strong> Las interacciones se pueden realizar mediante el formulario disponible en <a style=\" color:;\" href=\"https:\/\/homedecoracao.com\/es\/contact\/\">https:\/\/homedecoracao.com\/contact\/<\/a>, o por correo electr\u00f3nico <a style=\" color:;\" href=\"mailto:content@adtechpanda.com\">contenido@adtechpanda.com<\/a>.<\/p>\n<\/div><!--advertisement--><div class=\"mx-5 sm:mx-0 sm:text-3xl text-2xl font-medium title-font mb-4 text-gray-900 text-left\">\n<h2>Secci\u00f3n III \u2013 Funciones y Responsabilidades<\/h2>\n<\/div><div class=\"mx-5 sm:mx-0 prose leading-relaxed text-lg mb-5 text-left wp-paragraph\">\n<p><strong>3.1 <\/strong>Al utilizar los servicios y productos de Home Decora\u00e7\u00e3o, el Usuario confirma que ha le\u00eddo, comprendido y aceptado las cl\u00e1usulas de este T\u00e9rmino, incluidas las Condiciones de Uso y la Pol\u00edtica de Privacidad.<\/p>\n<\/div><div class=\"mx-5 sm:mx-0 prose leading-relaxed text-lg mb-5 text-left wp-paragraph\">\n<p><strong>3.2 <\/strong>Home Decora\u00e7\u00e3o proporciona enlaces de redireccionamiento a sitios web de terceros, donde los usuarios pueden acceder a servicios y productos directamente. En estas interacciones, Home Decora\u00e7\u00e3o no ejerce ning\u00fan control.<\/p>\n<\/div><div class=\"mx-5 sm:mx-0 prose leading-relaxed text-lg mb-5 text-left wp-paragraph\">\n<p><strong>3.3 <\/strong>Al ser redirigido a sitios web asociados, el Usuario debe revisar y aceptar los t\u00e9rminos y pol\u00edticas de privacidad de estas entidades.<\/p>\n<\/div><div class=\"mx-5 sm:mx-0 prose leading-relaxed text-lg mb-5 text-left wp-paragraph\">\n<p><strong>3.4 <\/strong>Home Decora\u00e7\u00e3o se exime de responsabilidad relacionada con las pol\u00edticas y t\u00e9rminos de uso de sitios web de terceros, as\u00ed como informaci\u00f3n sobre productos y servicios ofrecidos por ellos.<\/p>\n<\/div><div class=\"mx-5 sm:mx-0 prose leading-relaxed text-lg mb-5 text-left wp-paragraph\">\n<p><strong>3.5 <\/strong>Home Decora\u00e7\u00e3o no es responsable de los da\u00f1os causados por virus o malware adquiridos durante la navegaci\u00f3n en l\u00ednea. Es recomendable mantener actualizados los sistemas de protecci\u00f3n.<\/p>\n<\/div><div class=\"mx-5 sm:mx-0 prose leading-relaxed text-lg mb-5 text-left wp-paragraph\">\n<p><strong>3.6 <\/strong>Home Decora\u00e7\u00e3o no ser\u00e1 responsable de las p\u00e9rdidas derivadas del uso inadecuado del sitio web.<\/p>\n<\/div><div class=\"mx-5 sm:mx-0 prose leading-relaxed text-lg mb-5 text-left wp-paragraph\">\n<p><strong>3.7 <\/strong>Home Decora\u00e7\u00e3o no realiza solicitudes de dep\u00f3sitos o transferencias bancarias para la compra de productos financieros.<\/p>\n<\/div><div class=\"mx-5 sm:mx-0 prose leading-relaxed text-lg mb-5 text-left wp-paragraph\">\n<p><strong>3.8 <\/strong>Home Decora\u00e7\u00e3o no env\u00eda correos electr\u00f3nicos solicitando informaci\u00f3n personal o de registro ni proporcionando enlaces de descarga. Si recibe comunicaciones sospechosas, notif\u00edquenos por correo electr\u00f3nico <a style=\" color:;\" href=\"mailto:content@adtechpanda.com\">contenido@adtechpanda.com<\/a>.&nbsp;<\/p>\n<\/div><!--advertisement--><div class=\"mx-5 sm:mx-0 sm:text-3xl text-2xl font-medium title-font mb-4 text-gray-900 text-left\">\n<h2>Secci\u00f3n IV \u2013 Reglas y restricciones de uso<\/h2>\n<\/div><div class=\"mx-5 sm:mx-0 prose leading-relaxed text-lg mb-5 text-left wp-paragraph\">\n<p>Las limitaciones en el uso de nuestro sitio web y contenido, seg\u00fan los T\u00e9rminos de Servicio, son las siguientes:<\/p>\n<\/div><div class=\"\">\n<ul><div class=\"\">\n<li>Prohibici\u00f3n de utilizar el sitio web para actividades ilegales o para fomentar tales pr\u00e1cticas.<\/li>\n<\/div>\n\n<div class=\"\">\n<li>Incumplimiento de leyes o regulaciones a cualquier nivel.<\/li>\n<\/div>\n\n<div class=\"\">\n<li>Violaci\u00f3n de los derechos de propiedad intelectual de Home Decora\u00e7\u00e3o o de terceros.<\/li>\n<\/div>\n\n<div class=\"\">\n<li>Pr\u00e1cticas de acoso, abuso, difamaci\u00f3n, intimidaci\u00f3n o discriminaci\u00f3n.<\/li>\n<\/div>\n\n<div class=\"\">\n<li>Divulgaci\u00f3n de informaci\u00f3n falsa o enga\u00f1osa.<\/li>\n<\/div>\n\n<div class=\"\">\n<li>Difusi\u00f3n de virus u otros c\u00f3digos da\u00f1inos.<\/li>\n<\/div>\n\n<div class=\"\">\n<li>Recopilaci\u00f3n o seguimiento no autorizado de datos personales.<\/li>\n<\/div>\n\n<div class=\"\">\n<li>Actividades de spam, phishing, pharm, pretexto, spider, rastreo o scrape.<\/li>\n<\/div>\n\n<div class=\"\">\n<li>Uso del sitio web con fines obscenos o inmorales.<\/li>\n<\/div>\n\n<div class=\"\">\n<li>Intenta comprometer la seguridad del servicio o sitios web relacionados.<\/li>\n<\/div><\/ul>\n<\/div><div class=\"mx-5 sm:mx-0 prose leading-relaxed text-lg mb-5 text-left wp-paragraph\">\n<p><strong>Nos reservamos el derecho de suspender o cancelar el acceso a nuestros servicios y sitios web relacionados por violaciones de estas limitaciones.<\/strong><\/p>\n<\/div><!--advertisement--><div class=\"mx-5 sm:mx-0 sm:text-3xl text-2xl font-medium title-font mb-4 text-gray-900 text-left\">\n<h2>Secci\u00f3n V \u2013 Cl\u00e1usulas de Responsabilidad y Garant\u00eda<\/h2>\n<\/div><div class=\"mx-5 sm:mx-0 prose leading-relaxed text-lg mb-5 text-left wp-paragraph\">\n<p>Es importante reconocer que el uso del servicio Home Decora\u00e7\u00e3o puede estar sujeto a interrupciones, riesgos de seguridad o errores. No garantizamos la exactitud o confiabilidad de los resultados obtenidos del servicio.<\/p>\n<\/div><div class=\"mx-5 sm:mx-0 prose leading-relaxed text-lg mb-5 text-left wp-paragraph\">\n<p>El acceso al servicio Home Decora\u00e7\u00e3o puede ser interrumpido o terminado en cualquier momento, sin previo aviso.<\/p>\n<\/div><div class=\"mx-5 sm:mx-0 prose leading-relaxed text-lg mb-5 text-left wp-paragraph\">\n<p>Al utilizar el servicio, usted asume total responsabilidad y acepta que Home Decora\u00e7\u00e3o, incluidos sus directores, empleados y socios, no ser\u00e1n responsables de ning\u00fan da\u00f1o, p\u00e9rdida o reclamo que surja del uso del servicio. Esto cubre, entre otras, p\u00e9rdidas de ingresos, datos u otras p\u00e9rdidas intangibles que surjan del uso de servicios o productos adquiridos a trav\u00e9s del servicio, o cualquier otra p\u00e9rdida relacionada.<\/p>\n<\/div><div class=\"mx-5 sm:mx-0 prose leading-relaxed text-lg mb-5 text-left wp-paragraph\">\n<p>En los lugares donde no est\u00e9 permitido limitar o excluir la responsabilidad por da\u00f1os indirectos o accidentales, la responsabilidad de Home Decora\u00e7\u00e3o se limitar\u00e1 al m\u00e1ximo estipulado por la ley.<\/p>\n<\/div><!--advertisement--><div class=\"mx-5 sm:mx-0 sm:text-3xl text-2xl font-medium title-font mb-4 text-gray-900 text-left\">\n<h2>Secci\u00f3n VI \u2013 Plazos de Vigencia y Vencimiento<\/h2>\n<\/div><div class=\"mx-5 sm:mx-0 prose leading-relaxed text-lg mb-5 text-left wp-paragraph\">\n<p>Los T\u00e9rminos y Condiciones Generales de Uso de Home Decora\u00e7\u00e3o son aplicables indefinidamente. Cualquier acci\u00f3n legal o administrativa relacionada con su uso del Sitio seg\u00fan estos T\u00e9rminos o la Pol\u00edtica de Privacidad debe iniciarse dentro de los 90 d\u00edas posteriores a la ocurrencia del evento que dio lugar a la acci\u00f3n.<\/p>\n<\/div><!--advertisement--><div class=\"mx-5 sm:mx-0 sm:text-3xl text-2xl font-medium title-font mb-4 text-gray-900 text-left\">\n<h2>Secci\u00f3n VII \u2013 Base Jur\u00eddica y Jurisdicci\u00f3n<\/h2>\n<\/div><div class=\"mx-5 sm:mx-0 prose leading-relaxed text-lg mb-5 text-left wp-paragraph\">\n<p><strong>7.1 <\/strong>Estos T\u00e9rminos y Condiciones Generales de Uso, junto con la Pol\u00edtica de Privacidad, se rigen por las leyes de la Rep\u00fablica Federativa de Brasil, abarcando normas como la Constituci\u00f3n Federal, el C\u00f3digo Civil, el C\u00f3digo de Protecci\u00f3n al Consumidor, la Ley General de Internet Civil. Marco y Ley General de Protecci\u00f3n de Datos.<\/p>\n<\/div><div class=\"mx-5 sm:mx-0 prose leading-relaxed text-lg mb-5 text-left wp-paragraph\">\n<p><strong>7.2 <\/strong>Para quest\u00f5es de interpreta\u00e7\u00e3o ou cumprimento destes Termos e da Pol\u00edtica de Privacidade, as partes elegem a jurisdi\u00e7\u00e3o exclusiva da C\u00e2mara de Com\u00e9rcio de Tallinn, Est\u00f4nia (The Arbitration Court of the Estonian Chamber of Commerce and Industry), cobrindo qualquer disputa ou d\u00favida decorrente destes Termos de uso.<\/p>\n<\/div><!--advertisement--><div class=\"mx-5 sm:mx-0 sm:text-3xl text-2xl font-medium title-font mb-4 text-gray-900 text-left\">\n<h2>Secci\u00f3n VIII \u2013 Contenido y Derechos de Propiedad<\/h2>\n<\/div><div class=\"mx-5 sm:mx-0 prose leading-relaxed text-lg mb-5 text-left wp-paragraph\">\n<p><strong>8.1. Contenido y propiedad intelectual<\/strong><\/p>\n<\/div><div class=\"mx-5 sm:mx-0 prose leading-relaxed text-lg mb-5 text-left wp-paragraph\">\n<p>Todo el contenido del sitio web Home Decora\u00e7\u00e3o, propiedad de INDIETECH O\u00dc y sus socios, est\u00e1 garantizado por las leyes de derechos de autor y propiedad intelectual. Est\u00e1 estrictamente prohibido reproducir, modificar, distribuir, exhibir o crear trabajos derivados de este contenido sin la autorizaci\u00f3n expresa por escrito de INDIETECH O\u00dc.<\/p>\n<\/div><div class=\"mx-5 sm:mx-0 prose leading-relaxed text-lg mb-5 text-left wp-paragraph\">\n<p><strong>8.2 Descargo de responsabilidad<\/strong><\/p>\n<\/div><div class=\"mx-5 sm:mx-0 prose leading-relaxed text-lg mb-5 text-left wp-paragraph\">\n<p>Home Decora\u00e7\u00e3o no asume ninguna responsabilidad por el contenido creado por los usuarios, incluidos los comentarios en foros o redes sociales, ni por da\u00f1os directos, indirectos, incidentales o consecuentes derivados del uso del sitio web.<\/p>\n<\/div><div class=\"mx-5 sm:mx-0 prose leading-relaxed text-lg mb-5 text-left wp-paragraph\">\n<p><strong>8.3 Eliminaci\u00f3n de contenido inapropiado<\/strong><\/p>\n<\/div><div class=\"mx-5 sm:mx-0 prose leading-relaxed text-lg mb-5 text-left wp-paragraph\">\n<p>Home Decora\u00e7\u00e3o se reserva el derecho de eliminar contenidos que violen estos t\u00e9rminos, especialmente aquellos que sean ilegales, ofensivos, difamatorios o que infrinjan derechos. INDIETECH O\u00dc tambi\u00e9n podr\u00e1 suspender el acceso a los usuarios que incumplan estas normas.<\/p>\n<\/div><!--advertisement--><div class=\"mx-5 sm:mx-0 sm:text-3xl text-2xl font-medium title-font mb-4 text-gray-900 text-left\">\n<h2>Secci\u00f3n IX \u2013 Actualizaci\u00f3n de T\u00e9rminos y Condiciones<\/h2>\n<\/div><div class=\"mx-5 sm:mx-0 prose leading-relaxed text-lg mb-5 text-left wp-paragraph\">\n<p>Home Decora\u00e7\u00e3o se reserva el derecho de modificar, suspender o cancelar cualquier aspecto de sus servicios en cualquier momento, sin notificaci\u00f3n previa. Dichos cambios no generar\u00e1n responsabilidad para Home Decora\u00e7\u00e3o ante los usuarios o terceros.<\/p>\n<\/div><div class=\"mx-5 sm:mx-0 prose leading-relaxed text-lg mb-5 text-left wp-paragraph\">\n<p><strong>El uso del sitio web Home Decora\u00e7\u00e3o implica la aceptaci\u00f3n plena y obligatoria de estos T\u00e9rminos y Condiciones. Si no est\u00e1 de acuerdo con los T\u00e9rminos, se le recomienda no utilizar el sitio web.<\/strong><\/p>\n<\/div><!--advertisement--><div class=\"mx-5 sm:mx-0 sm:text-3xl text-2xl font-medium title-font mb-4 text-gray-900 text-left\">\n<h2>Secci\u00f3n X \u2013 Contacto e Informaci\u00f3n<\/h2>\n<\/div><div class=\"mx-5 sm:mx-0 prose leading-relaxed text-lg mb-5 text-left wp-paragraph\">\n<p>Invitamos a los usuarios a ponerse en contacto ante cualquier duda o sugerencia sobre nuestros servicios. Los mensajes pueden enviarse por correo electr\u00f3nico a <a style=\" color:;\" href=\"mailto:content@adtechpanda.com\">contenido@adtechpanda.com<\/a>, o a trav\u00e9s de nuestro formulario de contacto en: <a style=\" color:;\" href=\"https:\/\/homedecoracao.com\/es\/contact\/\">https:\/\/homedecoracao.com\/contact\/<\/a>.<\/p>\n<\/div>","protected":false},"excerpt":{"rendered":"<p>Actualizado el 23 de noviembre de 2023. INDIETECH O\u00dc, una sociedad de responsabilidad limitada establecida en Estonia (tambi\u00e9n conocida como O\u00dc), con n\u00famero de IVA EE102204759 y ubicada en Tallin, en Sepapaja Street 6, CEP 15551, Harju Estonia, es responsable del desarrollo, gesti\u00f3n y funcionamiento del sitio web Home Decora\u00e7\u00e3o, accesible en https:\/\/homedecoracao.com\/.\u2026 <a class=\"more-link\" href=\"https:\/\/homedecoracao.com\/es\/terms\/\">sigue leyendo <span class=\"screen-reader-text\">T\u00e9rminos de uso \u2013 Decoraci\u00f3n del hogar.<\/span><\/a><\/p>","protected":false},"author":9,"featured_media":0,"parent":0,"menu_order":0,"comment_status":"closed","ping_status":"closed","template":"","meta":[],"yoast_head":"<!-- This site is optimized with the Yoast SEO Premium plugin v18.7 (Yoast SEO v19.1) - https:\/\/yoast.com\/wordpress\/plugins\/seo\/ -->\n<title>Termos de Uso - Home Decora\u00e7\u00e3o. - Home Decora\u00e7\u00e3o<\/title>\n<meta name=\"robots\" content=\"index, follow, max-snippet:-1, max-image-preview:large, max-video-preview:-1\" \/>\n<link rel=\"canonical\" href=\"https:\/\/homedecoracao.com\/es\/terms\/\" \/>\n<meta property=\"og:locale\" content=\"es_MX\" \/>\n<meta property=\"og:type\" content=\"article\" \/>\n<meta property=\"og:title\" content=\"Termos de Uso - Home Decora\u00e7\u00e3o.\" \/>\n<meta property=\"og:description\" content=\"Atualizado em 23 de Novembro de 2023. A INDIETECH O\u00dc, uma empresa de responsabilidade limitada estabelecida na Est\u00f4nia (tamb\u00e9m conhecida como O\u00dc), com n\u00famero de VAT EE102204759 e situada em Tallinn, no endere\u00e7o Rua Sepapaja 6, CEP 15551, Harju Estonia, \u00e9 a respons\u00e1vel pelo desenvolvimento, gerenciamento e opera\u00e7\u00e3o do website Home Decora\u00e7\u00e3o, acess\u00edvel em https:\/\/homedecoracao.com\/.&hellip; Continue reading Termos de Uso &#8211; Home Decora\u00e7\u00e3o.\" \/>\n<meta property=\"og:url\" content=\"https:\/\/homedecoracao.com\/es\/terms\/\" \/>\n<meta property=\"og:site_name\" content=\"Home Decora\u00e7\u00e3o\" \/>\n<meta property=\"article:modified_time\" content=\"2023-12-13T19:01:27+00:00\" \/>\n<meta name=\"twitter:card\" content=\"summary_large_image\" \/>\n<meta name=\"twitter:label1\" content=\"Est. reading time\" \/>\n\t<meta name=\"twitter:data1\" content=\"8 minutos\" \/>\n<script type=\"application\/ld+json\" class=\"yoast-schema-graph\">{\"@context\":\"https:\/\/schema.org\",\"@graph\":[{\"@type\":\"WebSite\",\"@id\":\"https:\/\/homedecoracao.com\/#website\",\"url\":\"https:\/\/homedecoracao.com\/\",\"name\":\"Home Decora\u00e7\u00e3o\",\"description\":\"\",\"potentialAction\":[{\"@type\":\"SearchAction\",\"target\":{\"@type\":\"EntryPoint\",\"urlTemplate\":\"https:\/\/homedecoracao.com\/?s={search_term_string}\"},\"query-input\":\"required name=search_term_string\"}],\"inLanguage\":\"es-MX\"},{\"@type\":\"WebPage\",\"@id\":\"https:\/\/homedecoracao.com\/terms\/#webpage\",\"url\":\"https:\/\/homedecoracao.com\/terms\/\",\"name\":\"Termos de Uso - Home Decora\u00e7\u00e3o. - Home Decora\u00e7\u00e3o\",\"isPartOf\":{\"@id\":\"https:\/\/homedecoracao.com\/#website\"},\"datePublished\":\"2023-04-07T21:16:07+00:00\",\"dateModified\":\"2023-12-13T19:01:27+00:00\",\"breadcrumb\":{\"@id\":\"https:\/\/homedecoracao.com\/terms\/#breadcrumb\"},\"inLanguage\":\"es-MX\",\"potentialAction\":[{\"@type\":\"ReadAction\",\"target\":[\"https:\/\/homedecoracao.com\/terms\/\"]}]},{\"@type\":\"BreadcrumbList\",\"@id\":\"https:\/\/homedecoracao.com\/terms\/#breadcrumb\",\"itemListElement\":[{\"@type\":\"ListItem\",\"position\":1,\"name\":\"Home\",\"item\":\"https:\/\/homedecoracao.com\/\"},{\"@type\":\"ListItem\",\"position\":2,\"name\":\"Termos de Uso &#8211; Home Decora\u00e7\u00e3o.\"}]}]}<\/script>\n<!-- \/ Yoast SEO Premium plugin. -->","yoast_head_json":{"title":"Termos de Uso - Home Decora\u00e7\u00e3o. - Home Decora\u00e7\u00e3o","robots":{"index":"index","follow":"follow","max-snippet":"max-snippet:-1","max-image-preview":"max-image-preview:large","max-video-preview":"max-video-preview:-1"},"canonical":"https:\/\/homedecoracao.com\/es\/terms\/","og_locale":"es_MX","og_type":"article","og_title":"Termos de Uso - Home Decora\u00e7\u00e3o.","og_description":"Atualizado em 23 de Novembro de 2023. A INDIETECH O\u00dc, uma empresa de responsabilidade limitada estabelecida na Est\u00f4nia (tamb\u00e9m conhecida como O\u00dc), com n\u00famero de VAT EE102204759 e situada em Tallinn, no endere\u00e7o Rua Sepapaja 6, CEP 15551, Harju Estonia, \u00e9 a respons\u00e1vel pelo desenvolvimento, gerenciamento e opera\u00e7\u00e3o do website Home Decora\u00e7\u00e3o, acess\u00edvel em https:\/\/homedecoracao.com\/.&hellip; Continue reading Termos de Uso &#8211; Home Decora\u00e7\u00e3o.","og_url":"https:\/\/homedecoracao.com\/es\/terms\/","og_site_name":"Home Decora\u00e7\u00e3o","article_modified_time":"2023-12-13T19:01:27+00:00","twitter_card":"summary_large_image","twitter_misc":{"Est. reading time":"8 minutos"},"schema":{"@context":"https:\/\/schema.org","@graph":[{"@type":"WebSite","@id":"https:\/\/homedecoracao.com\/#website","url":"https:\/\/homedecoracao.com\/","name":"Home Decora\u00e7\u00e3o","description":"","potentialAction":[{"@type":"SearchAction","target":{"@type":"EntryPoint","urlTemplate":"https:\/\/homedecoracao.com\/?s={search_term_string}"},"query-input":"required name=search_term_string"}],"inLanguage":"es-MX"},{"@type":"WebPage","@id":"https:\/\/homedecoracao.com\/terms\/#webpage","url":"https:\/\/homedecoracao.com\/terms\/","name":"Termos de Uso - Home Decora\u00e7\u00e3o. - Home Decora\u00e7\u00e3o","isPartOf":{"@id":"https:\/\/homedecoracao.com\/#website"},"datePublished":"2023-04-07T21:16:07+00:00","dateModified":"2023-12-13T19:01:27+00:00","breadcrumb":{"@id":"https:\/\/homedecoracao.com\/terms\/#breadcrumb"},"inLanguage":"es-MX","potentialAction":[{"@type":"ReadAction","target":["https:\/\/homedecoracao.com\/terms\/"]}]},{"@type":"BreadcrumbList","@id":"https:\/\/homedecoracao.com\/terms\/#breadcrumb","itemListElement":[{"@type":"ListItem","position":1,"name":"Home","item":"https:\/\/homedecoracao.com\/"},{"@type":"ListItem","position":2,"name":"Termos de Uso &#8211; Home Decora\u00e7\u00e3o."}]}]}},"_links":{"self":[{"href":"https:\/\/homedecoracao.com\/es\/wp-json\/wp\/v2\/pages\/9598"}],"collection":[{"href":"https:\/\/homedecoracao.com\/es\/wp-json\/wp\/v2\/pages"}],"about":[{"href":"https:\/\/homedecoracao.com\/es\/wp-json\/wp\/v2\/types\/page"}],"author":[{"embeddable":true,"href":"https:\/\/homedecoracao.com\/es\/wp-json\/wp\/v2\/users\/9"}],"replies":[{"embeddable":true,"href":"https:\/\/homedecoracao.com\/es\/wp-json\/wp\/v2\/comments?post=9598"}],"version-history":[{"count":0,"href":"https:\/\/homedecoracao.com\/es\/wp-json\/wp\/v2\/pages\/9598\/revisions"}],"wp:attachment":[{"href":"https:\/\/homedecoracao.com\/es\/wp-json\/wp\/v2\/media?parent=9598"}],"curies":[{"name":"wp","href":"https:\/\/api.w.org\/{rel}","templated":true}]}}