{"id":11527,"date":"2023-05-02T17:50:17","date_gmt":"2023-05-02T17:50:17","guid":{"rendered":"https:\/\/homedecoracao.com\/?page_id=11527"},"modified":"2024-09-30T22:38:56","modified_gmt":"2024-09-30T22:38:56","slug":"about","status":"publish","type":"page","link":"https:\/\/homedecoracao.com\/es\/about\/","title":{"rendered":"Acerca de"},"content":{"rendered":"<!--advertisement--><div class=\"mx-5 sm:mx-0 sm:text-3xl text-2xl font-medium title-font mb-4 text-gray-900 text-left\">\n<h2 id=\"h-o-que-voce-quer-aprender-hoje\">\u00bfQu\u00e9 quieres aprender hoy?<\/h2>\n<\/div><div class=\"mx-5 sm:mx-0 prose leading-relaxed text-lg mb-5 text-left wp-paragraph\">\n<p>Nodo <strong>Decoraci\u00f3n del hogar<\/strong>, nuestro objetivo es hacer tu vida m\u00e1s pr\u00e1ctica y divertida, con contenidos que van desde consejos de decoraci\u00f3n, entretenimiento hasta la \u00faltima tecnolog\u00eda. <\/p>\n<\/div><div class=\"mx-5 sm:mx-0 prose leading-relaxed text-lg mb-5 text-left wp-paragraph\">\n<p>\u00a1Tambi\u00e9n traemos informaci\u00f3n sobre aplicaciones y servicios que hacen tu vida diaria m\u00e1s f\u00e1cil, as\u00ed como incre\u00edbles sugerencias para optimizar tu tiempo y aprovechar al m\u00e1ximo tu rutina!<\/p>\n<\/div><!--advertisement--><div class=\"mx-5 sm:mx-0 sm:text-3xl text-2xl font-medium title-font mb-4 text-gray-900 text-left\">\n<h2 id=\"h-quem-somos\">\u00bfQuienes somos?<\/h2>\n<\/div><div class=\"mx-5 sm:mx-0 prose leading-relaxed text-lg mb-5 text-left wp-paragraph\">\n<p>Home Decora\u00e7\u00e3o es una empresa de contenidos y educaci\u00f3n, con sede en Brasil y Canad\u00e1. Nuestra misi\u00f3n es ofrecer constantemente el mejor contenido para ayudarle a hacer su vida m\u00e1s f\u00e1cil. <\/p>\n<\/div><div class=\"mx-5 sm:mx-0 prose leading-relaxed text-lg mb-5 text-left wp-paragraph\">\n<p>EL <strong>sitio web <\/strong>opera seg\u00fan el modelo de negocio del editor, publicando anuncios cuidadosamente seleccionados para interesar a nuestros lectores. <\/p>\n<\/div><div class=\"mx-5 sm:mx-0 prose leading-relaxed text-lg mb-5 text-left wp-paragraph\">\n<p>Adem\u00e1s, podemos trabajar con posibles asociaciones afiliadas, garantizando recomendaciones relevantes de productos y servicios. <\/p>\n<\/div><div class=\"mx-5 sm:mx-0 prose leading-relaxed text-lg mb-5 text-left wp-paragraph\">\n<p>Todo el contenido ofrecido en el sitio web es gratuito, manteniendo nuestro compromiso de proporcionar informaci\u00f3n de calidad sin coste alguno para el usuario.<\/p>\n<\/div><!--advertisement--><div class=\"mx-5 sm:mx-0 sm:text-3xl text-2xl font-medium title-font mb-4 text-gray-900 text-left\">\n<h2 id=\"h-nos-ajude-a-melhorar\">ay\u00fadanos a mejorar<\/h2>\n<\/div><div class=\"mx-5 sm:mx-0 prose leading-relaxed text-lg mb-5 text-left wp-paragraph\">\n<p>Sus ideas son muy bienvenidas.\u00a0<\/p>\n<\/div><div class=\"mx-5 sm:mx-0 prose leading-relaxed text-lg mb-5 text-left wp-paragraph\">\n<p><a style=\" color:;\" href=\"https:\/\/homedecoracao.com\/es\/contact\/\">\u00a1Mandanos un mensaje!<\/a><\/p>\n<\/div>","protected":false},"excerpt":{"rendered":"<p>\u00bfQu\u00e9 quieres aprender hoy? En Home Decora\u00e7\u00e3o, nuestro objetivo es hacer tu vida m\u00e1s pr\u00e1ctica y divertida, con contenidos que van desde consejos de decoraci\u00f3n, entretenimiento hasta la \u00faltima tecnolog\u00eda. Tambi\u00e9n traemos informaci\u00f3n sobre aplicaciones y servicios que hacen tu vida diaria m\u00e1s f\u00e1cil, as\u00ed como incre\u00edbles sugerencias para optimizar tu\u2026 <a class=\"more-link\" href=\"https:\/\/homedecoracao.com\/es\/about\/\">sigue leyendo <span class=\"screen-reader-text\">Acerca de<\/span><\/a><\/p>","protected":false},"author":9,"featured_media":0,"parent":0,"menu_order":0,"comment_status":"closed","ping_status":"closed","template":"","meta":[],"yoast_head":"<!-- This site is optimized with the Yoast SEO Premium plugin v18.7 (Yoast SEO v19.1) - https:\/\/yoast.com\/wordpress\/plugins\/seo\/ -->\n<title>Sobre - Home Decora\u00e7\u00e3o<\/title>\n<meta name=\"robots\" content=\"index, follow, max-snippet:-1, max-image-preview:large, max-video-preview:-1\" \/>\n<link rel=\"canonical\" href=\"https:\/\/homedecoracao.com\/es\/about\/\" \/>\n<meta property=\"og:locale\" content=\"es_MX\" \/>\n<meta property=\"og:type\" content=\"article\" \/>\n<meta property=\"og:title\" content=\"Sobre\" \/>\n<meta property=\"og:description\" content=\"O que voc\u00ea quer aprender hoje? No Home Decora\u00e7\u00e3o, nosso objetivo \u00e9 tornar sua vida mais pr\u00e1tica e divertida, com conte\u00fados que v\u00e3o desde dicas de decora\u00e7\u00e3o, entretenimento at\u00e9 as \u00faltimas novidades em tecnologia. Trazemos tamb\u00e9m informa\u00e7\u00f5es sobre aplicativos e servi\u00e7os que facilitam o seu dia a dia, al\u00e9m de sugest\u00f5es incr\u00edveis para otimizar seu&hellip; Continue reading Sobre\" \/>\n<meta property=\"og:url\" content=\"https:\/\/homedecoracao.com\/es\/about\/\" \/>\n<meta property=\"og:site_name\" content=\"Home Decora\u00e7\u00e3o\" \/>\n<meta property=\"article:modified_time\" content=\"2024-09-30T22:38:56+00:00\" \/>\n<meta name=\"twitter:card\" content=\"summary_large_image\" \/>\n<meta name=\"twitter:label1\" content=\"Est. reading time\" \/>\n\t<meta name=\"twitter:data1\" content=\"1 minuto\" \/>\n<script type=\"application\/ld+json\" class=\"yoast-schema-graph\">{\"@context\":\"https:\/\/schema.org\",\"@graph\":[{\"@type\":\"WebSite\",\"@id\":\"https:\/\/homedecoracao.com\/#website\",\"url\":\"https:\/\/homedecoracao.com\/\",\"name\":\"Home Decora\u00e7\u00e3o\",\"description\":\"\",\"potentialAction\":[{\"@type\":\"SearchAction\",\"target\":{\"@type\":\"EntryPoint\",\"urlTemplate\":\"https:\/\/homedecoracao.com\/?s={search_term_string}\"},\"query-input\":\"required name=search_term_string\"}],\"inLanguage\":\"es-MX\"},{\"@type\":\"WebPage\",\"@id\":\"https:\/\/homedecoracao.com\/about\/#webpage\",\"url\":\"https:\/\/homedecoracao.com\/about\/\",\"name\":\"Sobre - Home Decora\u00e7\u00e3o\",\"isPartOf\":{\"@id\":\"https:\/\/homedecoracao.com\/#website\"},\"datePublished\":\"2023-05-02T17:50:17+00:00\",\"dateModified\":\"2024-09-30T22:38:56+00:00\",\"breadcrumb\":{\"@id\":\"https:\/\/homedecoracao.com\/about\/#breadcrumb\"},\"inLanguage\":\"es-MX\",\"potentialAction\":[{\"@type\":\"ReadAction\",\"target\":[\"https:\/\/homedecoracao.com\/about\/\"]}]},{\"@type\":\"BreadcrumbList\",\"@id\":\"https:\/\/homedecoracao.com\/about\/#breadcrumb\",\"itemListElement\":[{\"@type\":\"ListItem\",\"position\":1,\"name\":\"Home\",\"item\":\"https:\/\/homedecoracao.com\/\"},{\"@type\":\"ListItem\",\"position\":2,\"name\":\"Sobre\"}]}]}<\/script>\n<!-- \/ Yoast SEO Premium plugin. -->","yoast_head_json":{"title":"Sobre - Home Decora\u00e7\u00e3o","robots":{"index":"index","follow":"follow","max-snippet":"max-snippet:-1","max-image-preview":"max-image-preview:large","max-video-preview":"max-video-preview:-1"},"canonical":"https:\/\/homedecoracao.com\/es\/about\/","og_locale":"es_MX","og_type":"article","og_title":"Sobre","og_description":"O que voc\u00ea quer aprender hoje? No Home Decora\u00e7\u00e3o, nosso objetivo \u00e9 tornar sua vida mais pr\u00e1tica e divertida, com conte\u00fados que v\u00e3o desde dicas de decora\u00e7\u00e3o, entretenimento at\u00e9 as \u00faltimas novidades em tecnologia. Trazemos tamb\u00e9m informa\u00e7\u00f5es sobre aplicativos e servi\u00e7os que facilitam o seu dia a dia, al\u00e9m de sugest\u00f5es incr\u00edveis para otimizar seu&hellip; Continue reading Sobre","og_url":"https:\/\/homedecoracao.com\/es\/about\/","og_site_name":"Home Decora\u00e7\u00e3o","article_modified_time":"2024-09-30T22:38:56+00:00","twitter_card":"summary_large_image","twitter_misc":{"Est. reading time":"1 minuto"},"schema":{"@context":"https:\/\/schema.org","@graph":[{"@type":"WebSite","@id":"https:\/\/homedecoracao.com\/#website","url":"https:\/\/homedecoracao.com\/","name":"Home Decora\u00e7\u00e3o","description":"","potentialAction":[{"@type":"SearchAction","target":{"@type":"EntryPoint","urlTemplate":"https:\/\/homedecoracao.com\/?s={search_term_string}"},"query-input":"required name=search_term_string"}],"inLanguage":"es-MX"},{"@type":"WebPage","@id":"https:\/\/homedecoracao.com\/about\/#webpage","url":"https:\/\/homedecoracao.com\/about\/","name":"Sobre - Home Decora\u00e7\u00e3o","isPartOf":{"@id":"https:\/\/homedecoracao.com\/#website"},"datePublished":"2023-05-02T17:50:17+00:00","dateModified":"2024-09-30T22:38:56+00:00","breadcrumb":{"@id":"https:\/\/homedecoracao.com\/about\/#breadcrumb"},"inLanguage":"es-MX","potentialAction":[{"@type":"ReadAction","target":["https:\/\/homedecoracao.com\/about\/"]}]},{"@type":"BreadcrumbList","@id":"https:\/\/homedecoracao.com\/about\/#breadcrumb","itemListElement":[{"@type":"ListItem","position":1,"name":"Home","item":"https:\/\/homedecoracao.com\/"},{"@type":"ListItem","position":2,"name":"Sobre"}]}]}},"_links":{"self":[{"href":"https:\/\/homedecoracao.com\/es\/wp-json\/wp\/v2\/pages\/11527"}],"collection":[{"href":"https:\/\/homedecoracao.com\/es\/wp-json\/wp\/v2\/pages"}],"about":[{"href":"https:\/\/homedecoracao.com\/es\/wp-json\/wp\/v2\/types\/page"}],"author":[{"embeddable":true,"href":"https:\/\/homedecoracao.com\/es\/wp-json\/wp\/v2\/users\/9"}],"replies":[{"embeddable":true,"href":"https:\/\/homedecoracao.com\/es\/wp-json\/wp\/v2\/comments?post=11527"}],"version-history":[{"count":0,"href":"https:\/\/homedecoracao.com\/es\/wp-json\/wp\/v2\/pages\/11527\/revisions"}],"wp:attachment":[{"href":"https:\/\/homedecoracao.com\/es\/wp-json\/wp\/v2\/media?parent=11527"}],"curies":[{"name":"wp","href":"https:\/\/api.w.org\/{rel}","templated":true}]}}